{"id":14,"date":"2021-11-21T15:14:19","date_gmt":"2021-11-21T15:14:19","guid":{"rendered":"https:\/\/chovmotylov.com\/about\/"},"modified":"2024-04-20T15:55:27","modified_gmt":"2024-04-20T13:55:27","slug":"about","status":"publish","type":"page","link":"https:\/\/chovmotylov.com\/en\/about\/","title":{"rendered":"About"},"content":{"rendered":"<div data-elementor-type=\"wp-page\" data-elementor-id=\"14\" class=\"elementor elementor-14\">\n\t\t\t\t\t\t\t\t\t<section class=\"elementor-section elementor-top-section elementor-element elementor-element-3447f83 elementor-section-height-min-height elementor-section-boxed elementor-section-height-default elementor-section-items-middle\" data-id=\"3447f83\" data-element_type=\"section\" data-settings=\"{&quot;background_background&quot;:&quot;classic&quot;}\">\n\t\t\t\t\t\t<div class=\"elementor-container elementor-column-gap-default\">\n\t\t\t\t\t<div class=\"elementor-column elementor-col-100 elementor-top-column elementor-element elementor-element-b3a35f8\" data-id=\"b3a35f8\" data-element_type=\"column\">\n\t\t\t<div class=\"elementor-widget-wrap\">\n\t\t\t\t\t\t\t\t\t<\/div>\n\t\t<\/div>\n\t\t\t\t\t\t\t<\/div>\n\t\t<\/section>\n\t\t\t\t<section class=\"elementor-section elementor-top-section elementor-element elementor-element-1698387 elementor-section-boxed elementor-section-height-default elementor-section-height-default\" data-id=\"1698387\" data-element_type=\"section\">\n\t\t\t\t\t\t<div class=\"elementor-container elementor-column-gap-default\">\n\t\t\t\t\t<div class=\"elementor-column elementor-col-100 elementor-top-column elementor-element elementor-element-e8c2f15\" data-id=\"e8c2f15\" data-element_type=\"column\">\n\t\t\t<div class=\"elementor-widget-wrap elementor-element-populated\">\n\t\t\t\t\t\t\t\t<div class=\"elementor-element elementor-element-b737d0e elementor-widget elementor-widget-spacer\" data-id=\"b737d0e\" data-element_type=\"widget\" data-widget_type=\"spacer.default\">\n\t\t\t\t<div class=\"elementor-widget-container\">\n\t\t\t<style>\/*! elementor - v3.17.0 - 08-11-2023 *\/\n.elementor-column .elementor-spacer-inner{height:var(--spacer-size)}.e-con{--container-widget-width:100%}.e-con-inner>.elementor-widget-spacer,.e-con>.elementor-widget-spacer{width:var(--container-widget-width,var(--spacer-size));--align-self:var(--container-widget-align-self,initial);--flex-shrink:0}.e-con-inner>.elementor-widget-spacer>.elementor-widget-container,.e-con>.elementor-widget-spacer>.elementor-widget-container{height:100%;width:100%}.e-con-inner>.elementor-widget-spacer>.elementor-widget-container>.elementor-spacer,.e-con>.elementor-widget-spacer>.elementor-widget-container>.elementor-spacer{height:100%}.e-con-inner>.elementor-widget-spacer>.elementor-widget-container>.elementor-spacer>.elementor-spacer-inner,.e-con>.elementor-widget-spacer>.elementor-widget-container>.elementor-spacer>.elementor-spacer-inner{height:var(--container-widget-height,var(--spacer-size))}.e-con-inner>.elementor-widget-spacer.elementor-widget-empty,.e-con>.elementor-widget-spacer.elementor-widget-empty{position:relative;min-height:22px;min-width:22px}.e-con-inner>.elementor-widget-spacer.elementor-widget-empty .elementor-widget-empty-icon,.e-con>.elementor-widget-spacer.elementor-widget-empty .elementor-widget-empty-icon{position:absolute;top:0;bottom:0;left:0;right:0;margin:auto;padding:0;width:22px;height:22px}<\/style>\t\t<div class=\"elementor-spacer\">\n\t\t\t<div class=\"elementor-spacer-inner\"><\/div>\n\t\t<\/div>\n\t\t\t\t<\/div>\n\t\t\t\t<\/div>\n\t\t\t\t\t<\/div>\n\t\t<\/div>\n\t\t\t\t\t\t\t<\/div>\n\t\t<\/section>\n\t\t\t\t<section class=\"elementor-section elementor-top-section elementor-element elementor-element-b58aaa3 elementor-section-boxed elementor-section-height-default elementor-section-height-default\" data-id=\"b58aaa3\" data-element_type=\"section\">\n\t\t\t\t\t\t<div class=\"elementor-container elementor-column-gap-default\">\n\t\t\t\t\t<div class=\"elementor-column elementor-col-100 elementor-top-column elementor-element elementor-element-b4a3f0c\" data-id=\"b4a3f0c\" data-element_type=\"column\">\n\t\t\t<div class=\"elementor-widget-wrap elementor-element-populated\">\n\t\t\t\t\t\t\t\t<div class=\"elementor-element elementor-element-9f40f86 elementor-widget elementor-widget-heading\" data-id=\"9f40f86\" data-element_type=\"widget\" data-widget_type=\"heading.default\">\n\t\t\t\t<div class=\"elementor-widget-container\">\n\t\t\t<style>\/*! elementor - v3.17.0 - 08-11-2023 *\/\n.elementor-heading-title{padding:0;margin:0;line-height:1}.elementor-widget-heading .elementor-heading-title[class*=elementor-size-]>a{color:inherit;font-size:inherit;line-height:inherit}.elementor-widget-heading .elementor-heading-title.elementor-size-small{font-size:15px}.elementor-widget-heading .elementor-heading-title.elementor-size-medium{font-size:19px}.elementor-widget-heading .elementor-heading-title.elementor-size-large{font-size:29px}.elementor-widget-heading .elementor-heading-title.elementor-size-xl{font-size:39px}.elementor-widget-heading .elementor-heading-title.elementor-size-xxl{font-size:59px}<\/style><h2 class=\"elementor-heading-title elementor-size-default\">About me<\/h2>\t\t<\/div>\n\t\t\t\t<\/div>\n\t\t\t\t\t<\/div>\n\t\t<\/div>\n\t\t\t\t\t\t\t<\/div>\n\t\t<\/section>\n\t\t\t\t<section class=\"elementor-section elementor-top-section elementor-element elementor-element-460970c elementor-section-boxed elementor-section-height-default elementor-section-height-default\" data-id=\"460970c\" data-element_type=\"section\">\n\t\t\t\t\t\t<div class=\"elementor-container elementor-column-gap-wide\">\n\t\t\t\t\t<div class=\"elementor-column elementor-col-100 elementor-top-column elementor-element elementor-element-66cd4bf\" data-id=\"66cd4bf\" data-element_type=\"column\">\n\t\t\t<div class=\"elementor-widget-wrap elementor-element-populated\">\n\t\t\t\t\t\t\t\t<div class=\"elementor-element elementor-element-5dce1ac elementor-widget elementor-widget-text-editor\" data-id=\"5dce1ac\" data-element_type=\"widget\" data-widget_type=\"text-editor.default\">\n\t\t\t\t<div class=\"elementor-widget-container\">\n\t\t\t<style>\/*! elementor - v3.17.0 - 08-11-2023 *\/\n.elementor-widget-text-editor.elementor-drop-cap-view-stacked .elementor-drop-cap{background-color:#69727d;color:#fff}.elementor-widget-text-editor.elementor-drop-cap-view-framed .elementor-drop-cap{color:#69727d;border:3px solid;background-color:transparent}.elementor-widget-text-editor:not(.elementor-drop-cap-view-default) .elementor-drop-cap{margin-top:8px}.elementor-widget-text-editor:not(.elementor-drop-cap-view-default) .elementor-drop-cap-letter{width:1em;height:1em}.elementor-widget-text-editor .elementor-drop-cap{float:left;text-align:center;line-height:1;font-size:50px}.elementor-widget-text-editor .elementor-drop-cap-letter{display:inline-block}<\/style>\t\t\t\t<p>&nbsp; &nbsp; Vol\u00e1m sa Jozef, m\u00e1m 18 rokov a poch\u00e1dzam z Bieleho Kostola.&nbsp;<span style=\"font-style: inherit; font-weight: inherit; font-family: var( --e-global-typography-text-font-family ), Sans-serif; background-color: var(--ast-global-color-5);\">U\u017e od mali\u010dka ma fascinoval hmyz, najm\u00e4 r\u00f4zne druhy chrob\u00e1kov a mot\u00fd\u013eov. Moja&nbsp;<\/span><span style=\"font-style: inherit; font-weight: inherit; font-family: var( --e-global-typography-text-font-family ), Sans-serif; background-color: var(--ast-global-color-5);\">z\u00e1\u013euba ma viedla k pozn\u00e1vaniu t\u00fdchto zauj\u00edmav\u00fdch tvorov, a\u017e som sa postupne za\u010dal<\/span><span style=\"font-style: inherit; font-weight: inherit; font-family: var( --e-global-typography-text-font-family ), Sans-serif; background-color: var(--ast-global-color-5);\">zaobera\u0165 chovom mot\u00fd\u013eov.&nbsp;<\/span><\/p><p><span style=\"font-style: inherit; font-weight: inherit; font-family: var( --e-global-typography-text-font-family ), Sans-serif; background-color: var(--ast-global-color-5);\">&nbsp; &nbsp; V dom\u00e1cich podmienkach sa mi podarilo odchova\u0165 mnoho druhov z r\u00f4znych \u010de\u013ead\u00ed&nbsp;<\/span><span style=\"font-style: inherit; font-weight: inherit; font-family: var( --e-global-typography-text-font-family ), Sans-serif; background-color: var(--ast-global-color-5);\">ako napr\u00edklad Lasiocampidae, Sphingidae, Brahmaeaidae. Za\u010d\u00ednal som druhmi \u017eij\u00facimi&nbsp;<\/span><span style=\"background-color: var(--ast-global-color-5); font-family: var( --e-global-typography-text-font-family ), Sans-serif; font-style: inherit; font-weight: inherit;\">na Slovensku, ale postupne som sa dopracoval k exotick\u00fdm druhom, ktor\u00fdch domovom<\/span><span style=\"font-style: inherit; font-weight: inherit; font-family: var( --e-global-typography-text-font-family ), Sans-serif; background-color: var(--ast-global-color-5);\">je Franc\u00fazska Guiana, Afrika, Kanada \u010di Mexiko.&nbsp;<\/span><\/p><p><span style=\"font-style: inherit; font-weight: inherit; font-family: var( --e-global-typography-text-font-family ), Sans-serif; background-color: var(--ast-global-color-5);\">&nbsp; &nbsp; Do dom\u00e1cej starostlivosti sa mi dostal<\/span><span style=\"font-style: inherit; font-weight: inherit; font-family: var( --e-global-typography-text-font-family ), Sans-serif; background-color: var(--ast-global-color-5);\">i doposia\u013e nepop\u00edsan\u00fd nov\u00fd druh mot\u00fd\u013ea z \u010de\u013eade Saturniidae rodu Gonimbrasia z&nbsp;<\/span><span style=\"font-style: inherit; font-weight: inherit; font-family: var( --e-global-typography-text-font-family ), Sans-serif; background-color: var(--ast-global-color-5);\">Afriky, u ktor\u00e9ho sa mi podarilo zdokumentova\u0165 cel\u00fd \u017eivotn\u00fd cyklus.&nbsp;<\/span><\/p><p><span style=\"background-color: var(--ast-global-color-5);\">&nbsp; &nbsp; Chovu mot\u00fd\u013eov sa venujem u\u017e p\u00e1r rokov a m\u00e1m v pl\u00e1ne v tom pokra\u010dova\u0165 aj&nbsp;<\/span><span style=\"font-style: inherit; font-weight: inherit; font-family: var( --e-global-typography-text-font-family ), Sans-serif; background-color: var(--ast-global-color-5);\">na\u010falej. Ke\u010f\u017ee toto netradi\u010dn\u00e9 hobby nie je na Slovensku ve\u013emi roz\u0161\u00edren\u00e9, rozhodol&nbsp;<\/span><span style=\"font-style: inherit; font-weight: inherit; font-family: var( --e-global-typography-text-font-family ), Sans-serif; background-color: var(--ast-global-color-5);\">som sa vytvori\u0165 i webov\u00fa str\u00e1nku, na ktorej s\u00fa u\u017eito\u010dn\u00e9 inform\u00e1cie a tipy t\u00fdkaj\u00face sa&nbsp;<\/span><span style=\"font-style: inherit; font-weight: inherit; font-family: var( --e-global-typography-text-font-family ), Sans-serif; background-color: var(--ast-global-color-5);\">\u00faspe\u0161n\u00e9ho chovu mot\u00fd\u013eov. Okrem toho som si vytvoril vlastn\u00fd kan\u00e1l na internetovej&nbsp;<\/span><span style=\"font-style: inherit; font-weight: inherit; font-family: var( --e-global-typography-text-font-family ), Sans-serif; background-color: var(--ast-global-color-5);\">platforme YouTube, na ktorom s\u00fa vide\u00e1 a zauj\u00edmav\u00e9 momenty zo \u017eivota r\u00f4znych&nbsp;<\/span><span style=\"font-style: inherit; font-weight: inherit; font-family: var( --e-global-typography-text-font-family ), Sans-serif; background-color: var(--ast-global-color-5);\">druhov mot\u00fd\u013eov ur\u010den\u00e9 pre \u0161irok\u00fa verejnos\u0165 v n\u00e1deji, \u017ee sa \u013eudia za\u010dn\u00fa viac zauj\u00edma\u0165 o&nbsp;<\/span><span style=\"font-style: inherit; font-weight: inherit; font-family: var( --e-global-typography-text-font-family ), Sans-serif; background-color: var(--ast-global-color-5);\">tieto kr\u00e1sne tvory a uvedomia si d\u00f4le\u017eitos\u0165 hmyzu na na\u0161ej plan\u00e9te.<\/span><\/p>\n<p><span style=\"background-color: var(--ast-global-color-5); font-family: var( --e-global-typography-text-font-family ), Sans-serif; font-style: inherit; font-weight: inherit;\">&nbsp; &nbsp; &nbsp;Na z\u00e1ver by som sa chcel po\u010fakova\u0165 svojmu bratovi, Martinovi bez ktor\u00e9ho by nebolo mo\u017en\u00e9 t\u00fato str\u00e1nku zrealizova\u0165. Tak isto by som sa chcel podakovat svojmu ve\u013emi dobr\u00e9mu kamar\u00e1tovi a&nbsp;chovate\u013eovi z&nbsp;franc\u00fazska Sandymu, za v\u0161etku pomoc s&nbsp;chovom. Tak isto kamar\u00e1tovi a&nbsp;kolegovi Andrewovi n\u00e1podobne za pomoc, rady a&nbsp;r\u00f4zne inform\u00e1cie a&nbsp;fotky. Tak isto Olivierovi za fotku priadkovca a ochotu. Po\u010fakovanie patr\u00ed ve\u013emi ve\u013ea chovate\u013eom ktor\u00fdch v\u0161ak nie je mo\u017en\u00e9 v\u0161etk\u00fdch vymenova\u0165 ako napr\u00edklad Alexandre Laberge za fotku im\u00e1g rodov Hyalophora a Callosamia, Martin Finney za r\u00f4zne rady, pomoc a ochotu, Martin Jagelka za in\u0161pir\u00e1ciu, rady, pomoc a ochotu, Michael Heartman za fotku A.dubernardi L2.<\/span><br><\/p>\t\t\t\t\t\t<\/div>\n\t\t\t\t<\/div>\n\t\t\t\t\t<\/div>\n\t\t<\/div>\n\t\t\t\t\t\t\t<\/div>\n\t\t<\/section>\n\t\t\t\t<section class=\"elementor-section elementor-top-section elementor-element elementor-element-798e9fc elementor-section-boxed elementor-section-height-default elementor-section-height-default\" data-id=\"798e9fc\" data-element_type=\"section\">\n\t\t\t\t\t\t<div class=\"elementor-container elementor-column-gap-default\">\n\t\t\t\t\t<div class=\"elementor-column elementor-col-100 elementor-top-column elementor-element elementor-element-e28b5a3\" data-id=\"e28b5a3\" data-element_type=\"column\">\n\t\t\t<div class=\"elementor-widget-wrap elementor-element-populated\">\n\t\t\t\t\t\t\t\t<div class=\"elementor-element elementor-element-96855eb elementor-widget elementor-widget-image\" data-id=\"96855eb\" data-element_type=\"widget\" data-widget_type=\"image.default\">\n\t\t\t\t<div class=\"elementor-widget-container\">\n\t\t\t<style>\/*! elementor - v3.17.0 - 08-11-2023 *\/\n.elementor-widget-image{text-align:center}.elementor-widget-image a{display:inline-block}.elementor-widget-image a img[src$=\".svg\"]{width:48px}.elementor-widget-image img{vertical-align:middle;display:inline-block}<\/style>\t\t\t\t\t\t\t\t\t\t\t\t<img loading=\"lazy\" decoding=\"async\" width=\"1024\" height=\"756\" src=\"https:\/\/chovmotylov.com\/wp-content\/uploads\/2024\/04\/IMG_0431-scaled-e1713621300179-1024x756.jpg\" class=\"attachment-large size-large wp-image-3018\" alt=\"\" srcset=\"https:\/\/chovmotylov.com\/wp-content\/uploads\/2024\/04\/IMG_0431-scaled-e1713621300179-1024x756.jpg 1024w, https:\/\/chovmotylov.com\/wp-content\/uploads\/2024\/04\/IMG_0431-scaled-e1713621300179-300x221.jpg 300w, https:\/\/chovmotylov.com\/wp-content\/uploads\/2024\/04\/IMG_0431-scaled-e1713621300179-768x567.jpg 768w, https:\/\/chovmotylov.com\/wp-content\/uploads\/2024\/04\/IMG_0431-scaled-e1713621300179-1536x1134.jpg 1536w, https:\/\/chovmotylov.com\/wp-content\/uploads\/2024\/04\/IMG_0431-scaled-e1713621300179-2048x1511.jpg 2048w, https:\/\/chovmotylov.com\/wp-content\/uploads\/2024\/04\/IMG_0431-scaled-e1713621300179-16x12.jpg 16w\" sizes=\"(max-width: 1024px) 100vw, 1024px\" \/>\t\t\t\t\t\t\t\t\t\t\t\t\t\t\t<\/div>\n\t\t\t\t<\/div>\n\t\t\t\t\t<\/div>\n\t\t<\/div>\n\t\t\t\t\t\t\t<\/div>\n\t\t<\/section>\n\t\t\t\t\t\t\t<\/div>","protected":false},"excerpt":{"rendered":"<p>O mne &nbsp; &nbsp; Vol\u00e1m sa Jozef, m\u00e1m 18 rokov a poch\u00e1dzam z Bieleho Kostola.&nbsp;U\u017e od mali\u010dka ma fascinoval hmyz, najm\u00e4 r\u00f4zne druhy chrob\u00e1kov a mot\u00fd\u013eov. Moja&nbsp;z\u00e1\u013euba ma viedla k pozn\u00e1vaniu t\u00fdchto zauj\u00edmav\u00fdch tvorov, a\u017e som sa postupne za\u010dalzaobera\u0165 chovom mot\u00fd\u013eov.&nbsp; &nbsp; &nbsp; V dom\u00e1cich podmienkach sa mi podarilo odchova\u0165 mnoho druhov z r\u00f4znych \u010de\u013ead\u00ed&nbsp;ako &hellip;<\/p>\n<p class=\"read-more\"> <a class=\"\" href=\"https:\/\/chovmotylov.com\/en\/about\/\"> <span class=\"screen-reader-text\">About<\/span> Read More &raquo;<\/a><\/p>","protected":false},"author":1,"featured_media":0,"parent":0,"menu_order":0,"comment_status":"closed","ping_status":"closed","template":"","meta":{"site-sidebar-layout":"no-sidebar","site-content-layout":"page-builder","ast-site-content-layout":"","site-content-style":"default","site-sidebar-style":"default","ast-global-header-display":"","ast-banner-title-visibility":"","ast-main-header-display":"","ast-hfb-above-header-display":"","ast-hfb-below-header-display":"","ast-hfb-mobile-header-display":"","site-post-title":"disabled","ast-breadcrumbs-content":"","ast-featured-img":"disabled","footer-sml-layout":"","theme-transparent-header-meta":"enabled","adv-header-id-meta":"","stick-header-meta":"","header-above-stick-meta":"","header-main-stick-meta":"","header-below-stick-meta":"","astra-migrate-meta-layouts":"","footnotes":""},"_links":{"self":[{"href":"https:\/\/chovmotylov.com\/en\/wp-json\/wp\/v2\/pages\/14"}],"collection":[{"href":"https:\/\/chovmotylov.com\/en\/wp-json\/wp\/v2\/pages"}],"about":[{"href":"https:\/\/chovmotylov.com\/en\/wp-json\/wp\/v2\/types\/page"}],"author":[{"embeddable":true,"href":"https:\/\/chovmotylov.com\/en\/wp-json\/wp\/v2\/users\/1"}],"replies":[{"embeddable":true,"href":"https:\/\/chovmotylov.com\/en\/wp-json\/wp\/v2\/comments?post=14"}],"version-history":[{"count":25,"href":"https:\/\/chovmotylov.com\/en\/wp-json\/wp\/v2\/pages\/14\/revisions"}],"predecessor-version":[{"id":3021,"href":"https:\/\/chovmotylov.com\/en\/wp-json\/wp\/v2\/pages\/14\/revisions\/3021"}],"wp:attachment":[{"href":"https:\/\/chovmotylov.com\/en\/wp-json\/wp\/v2\/media?parent=14"}],"curies":[{"name":"wp","href":"https:\/\/api.w.org\/{rel}","templated":true}]}}